{"id":98838,"date":"2023-10-24T05:34:45","date_gmt":"2023-10-24T05:34:45","guid":{"rendered":"http:\/\/192.168.0.132:10011\/tab-style-two-copy\/"},"modified":"2024-07-05T15:02:17","modified_gmt":"2024-07-05T15:02:17","slug":"tab-style-three","status":"publish","type":"page","link":"https:\/\/jvrinsurance.com\/pt\/estilo-de-registro-tres\/","title":{"rendered":"Estilo de registro tr\u00eas"},"content":{"rendered":"<div data-elementor-type=\"wp-page\" data-elementor-id=\"98838\" class=\"elementor elementor-98838\" data-elementor-post-type=\"page\">\n\t\t\t\t\t\t<section class=\"default show_shadow elementor-section elementor-top-section elementor-element elementor-element-6d64f36 elementor-section-boxed elementor-section-height-default elementor-section-height-default\" data-id=\"6d64f36\" data-element_type=\"section\" data-e-type=\"section\" data-settings=\"{&quot;background_background&quot;:&quot;classic&quot;}\">\n\t\t\t\t\t\t\t<div class=\"elementor-background-overlay\"><\/div>\n\t\t\t\t\t\t\t<div class=\"elementor-container elementor-column-gap-default\">\n\t\t\t\t\t<div class=\"elementor-column elementor-col-100 elementor-top-column elementor-element elementor-element-72e6a31\" data-id=\"72e6a31\" data-element_type=\"column\" data-e-type=\"column\">\n\t\t\t<div class=\"elementor-widget-wrap elementor-element-populated\">\n\t\t\t\t\t\t<div class=\"elementor-element elementor-element-a847e16 elementor-widget elementor-widget-rs-breadcrumb\" data-id=\"a847e16\" data-element_type=\"widget\" data-e-type=\"widget\" data-widget_type=\"rs-breadcrumb.default\">\n\t\t\t\t<div class=\"elementor-widget-container\">\n\t\t\t\t\t                    <div class=\"breadcrumb-area style2\"> \n                <div class=\"breadcrumbs-inner\"> \n                    <span property=\"itemListElement\" typeof=\"ListItem\"><a property=\"item\" typeof=\"WebPage\" title=\"Ir para JVR Insurance.\" href=\"https:\/\/jvrinsurance.com\/pt\" class=\"home\" ><span property=\"name\">Seguro JVR<\/span><\/a><meta property=\"position\" content=\"1\"><\/span> &gt; <span property=\"itemListElement\" typeof=\"ListItem\"><a property=\"item\" typeof=\"WebPage\" title=\"Ir para o blog.\" href=\"https:\/\/jvrinsurance.com\/pt\/blog\/\" class=\"post-root post post-post\" aria-current=\"page\"><span property=\"name\">Blog<\/span><\/a><meta property=\"position\" content=\"2\"><\/span>                <\/div>\n            <\/div> \n          \n    \t\t\t\t<\/div>\n\t\t\t\t<\/div>\n\t\t\t\t<div class=\"elementor-element elementor-element-c1e22a3 elementor-widget elementor-widget-page-title\" data-id=\"c1e22a3\" data-element_type=\"widget\" data-e-type=\"widget\" data-widget_type=\"page-title.default\">\n\t\t\t\t<div class=\"elementor-widget-container\">\n\t\t\t\t\t\t\t\n\t\t<div class=\"hfe-page-title hfe-page-title-wrapper elementor-widget-heading\">\n\t\t\t\n\t\t\t<h1 class=\"elementor-heading-title elementor-size\">\n\t\t\t\tEstilo de registro tr\u00eas\t\t\t \n\t\t\t<\/h1> \n\n\t\t\t\t\t\t\t\t<\/div>\n\t\t\t\t\t\t<\/div>\n\t\t\t\t<\/div>\n\t\t\t\t<div class=\"elementor-element elementor-element-985cafe elementor-widget__width-initial elementor-widget elementor-widget-text-editor\" data-id=\"985cafe\" data-element_type=\"widget\" data-e-type=\"widget\" data-widget_type=\"text-editor.default\">\n\t\t\t\t<div class=\"elementor-widget-container\">\n\t\t\t\t\t\t\t\t\t<p>Se precisar de qualquer tipo de ap\u00f3lice de seguro em todo o mundo, entre em contato conosco sem hesita\u00e7\u00e3o. Nossa equipe de suporte especializada o ajudar\u00e1.<\/p>\t\t\t\t\t\t\t\t<\/div>\n\t\t\t\t<\/div>\n\t\t\t\t\t<\/div>\n\t\t<\/div>\n\t\t\t\t\t<\/div>\n\t\t<\/section>\n\t\t\t\t<section class=\"default show_shadow elementor-section elementor-top-section elementor-element elementor-element-764dd00 elementor-section-stretched elementor-section-boxed elementor-section-height-default elementor-section-height-default\" data-id=\"764dd00\" data-element_type=\"section\" data-e-type=\"section\" data-settings=\"{&quot;stretch_section&quot;:&quot;section-stretched&quot;,&quot;background_background&quot;:&quot;classic&quot;}\">\n\t\t\t\t\t\t<div class=\"elementor-container elementor-column-gap-default\">\n\t\t\t\t\t<div class=\"elementor-column elementor-col-100 elementor-top-column elementor-element elementor-element-bc265dd\" data-id=\"bc265dd\" data-element_type=\"column\" data-e-type=\"column\">\n\t\t\t<div class=\"elementor-widget-wrap elementor-element-populated\">\n\t\t\t\t\t\t<div class=\"elementor-element elementor-element-d7f3464 elementor-widget elementor-widget-rs-tab-advanced\" data-id=\"d7f3464\" data-element_type=\"widget\" data-e-type=\"widget\" data-widget_type=\"rs-tab-advanced.default\">\n\t\t\t\t<div class=\"elementor-widget-container\">\n\t\t\t\t\t\n\n        <div class=\"rstab-main horizontal full_tab_item\">\n            <nav class=\"tab-menu-wrapper\">\n                <div class=\"nav nav-tabs none\" id=\"nav-tab-d7f3464\" role=\"tablist\">\n                                            <button class=\"nav-link active\" id=\"nav-home-1-1295137\" data-bs-toggle=\"tab\" data-bs-target=\"#tab1-1295137\" type=\"button\" role=\"tab\" aria-controls=\"nav-home-1-1295137\" aria-selected=\"true\">\n\n                            <i class=\"ri-linkedin-fill\"><\/i>\n                            Nossa miss\u00e3o                        <\/button>\n\n                                            <button class=\"nav-link\" id=\"nav-home-2-1295137\" data-bs-toggle=\"tab\" data-bs-target=\"#tab2-1295137\" type=\"button\" role=\"tab\" aria-controls=\"nav-home-2-1295137\" aria-selected=\"true\">\n\n                            <i class=\"ri-linkedin-fill\"><\/i>\n                            Nossa vis\u00e3o                        <\/button>\n\n                                            <button class=\"nav-link\" id=\"nav-home-3-1295137\" data-bs-toggle=\"tab\" data-bs-target=\"#tab3-1295137\" type=\"button\" role=\"tab\" aria-controls=\"nav-home-3-1295137\" aria-selected=\"true\">\n\n                            <i class=\"ri-linkedin-fill\"><\/i>\n                            Nossa abordagem                        <\/button>\n\n                                    <\/div>\n            <\/nav>\n            <div class=\"tab-content\" id=\"nav-tabContent-d7f3464\">\n                                    <div class=\"tab-pane fade show active\" id=\"tab1-1295137\" role=\"tabpanel\" aria-labelledby=\"nav-home-1-1295137\">\n\n\n                                                                            <div class=\"content--teb-area half-sec\">\n                                <div class=\"image--right-area\"><img decoding=\"async\" class=\"nor_imgs\" src=\"https:\/\/demo.rstheme.com\/wordpress\/insurigo\/wp-content\/uploads\/2023\/10\/service_img_h_1_5.jpg\" alt=\"Imagem de \u00edcone\" \/><\/div>\n                                <div class=\"content--left-area\">\n\n                                                                            <div class=\"content_part_image\">\n                                                                                    <\/div>\n                                    \n                                                                            <div class=\"title\">Temos uma grande miss\u00e3o<\/div>\n                                                                        <div class=\"desc_btn_wrapper\">\n                                                                                    O documento ou a apresenta\u00e7\u00e3o de servi\u00e7os de seguros pode variar de acordo com o conte\u00fado e o contexto espec\u00edficos. Aqui est\u00e3o alguns t\u00edtulos em potencial que voc\u00ea pode considerar para seus servi\u00e7os de seguro de forma eficaz contra poss\u00edveis perdas ou riscos financeiros.\n<ul class=\"rs-features-list\">\n<li><i class=\"ri-check-double-line\"><\/i>Sua empresa merece o melhor software<\/li>\n<li><i class=\"ri-check-double-line\"><\/i>Oferecemos servi\u00e7os incr\u00edveis<\/li>\n<li><i class=\"ri-check-double-line\"><\/i>Resolva seu problema conosco<\/li>\n<li><i class=\"ri-check-double-line\"><\/i>Suporte vital\u00edcio<\/li>\n<\/ul>                                                                                <div class=\"button-handle\">\n                                                                                            <div class=\"rs-btn first-one\">\n                                                    <a href=\"https:\/\/demo.rstheme.com\/wordpress\/insurigo\/about\/\" class=\"rs_button\">\n                                                        Leia mais                                                                                                            <\/a>\n                                                <\/div>\n                                                                                                                                <\/div>\n                                    <\/div>\n                                <\/div>\n                            <\/div>\n                                            <\/div>\n\n                                    <div class=\"tab-pane fade\" id=\"tab2-1295137\" role=\"tabpanel\" aria-labelledby=\"nav-home-2-1295137\">\n\n\n                                                                            <div class=\"content--teb-area half-sec\">\n                                <div class=\"image--right-area\"><img decoding=\"async\" class=\"nor_imgs\" src=\"https:\/\/demo.rstheme.com\/wordpress\/insurigo\/wp-content\/uploads\/2023\/10\/service_img_h_1_3.jpg\" alt=\"Imagem de \u00edcone\" \/><\/div>\n                                <div class=\"content--left-area\">\n\n                                                                            <div class=\"content_part_image\">\n                                                                                    <\/div>\n                                    \n                                                                            <div class=\"title\">Temos uma grande vis\u00e3o<\/div>\n                                                                        <div class=\"desc_btn_wrapper\">\n                                                                                    O documento ou a apresenta\u00e7\u00e3o de servi\u00e7os de seguros pode variar de acordo com o conte\u00fado e o contexto espec\u00edficos. Aqui est\u00e3o alguns t\u00edtulos em potencial que voc\u00ea pode considerar para seus servi\u00e7os de seguro de forma eficaz contra poss\u00edveis perdas ou riscos financeiros.\n<ul class=\"rs-features-list\">\n<li><i class=\"ri-check-double-line\"><\/i>Sua empresa merece o melhor software<\/li>\n<li><i class=\"ri-check-double-line\"><\/i>Oferecemos servi\u00e7os incr\u00edveis<\/li>\n<li><i class=\"ri-check-double-line\"><\/i>Resolva seu problema conosco<\/li>\n<li><i class=\"ri-check-double-line\"><\/i>Suporte vital\u00edcio<\/li>\n<\/ul>                                                                                <div class=\"button-handle\">\n                                                                                            <div class=\"rs-btn first-one\">\n                                                    <a href=\"https:\/\/demo.rstheme.com\/wordpress\/insurigo\/about\/\" class=\"rs_button\">\n                                                        Leia mais                                                                                                            <\/a>\n                                                <\/div>\n                                                                                                                                <\/div>\n                                    <\/div>\n                                <\/div>\n                            <\/div>\n                                            <\/div>\n\n                                    <div class=\"tab-pane fade\" id=\"tab3-1295137\" role=\"tabpanel\" aria-labelledby=\"nav-home-3-1295137\">\n\n\n                                                                            <div class=\"content--teb-area half-sec\">\n                                <div class=\"image--right-area\"><img decoding=\"async\" class=\"nor_imgs\" src=\"https:\/\/demo.rstheme.com\/wordpress\/insurigo\/wp-content\/uploads\/2023\/10\/service_img_h_1.jpg\" alt=\"Imagem de \u00edcone\" \/><\/div>\n                                <div class=\"content--left-area\">\n\n                                                                            <div class=\"content_part_image\">\n                                                                                    <\/div>\n                                    \n                                                                            <div class=\"title\">Temos uma \u00f3tima abordagem<\/div>\n                                                                        <div class=\"desc_btn_wrapper\">\n                                                                                    <p>O documento ou a apresenta\u00e7\u00e3o de servi\u00e7os de seguros pode variar de acordo com o conte\u00fado e o contexto espec\u00edficos. Aqui est\u00e3o alguns t\u00edtulos em potencial que voc\u00ea pode considerar para seus servi\u00e7os de seguro de forma eficaz contra poss\u00edveis perdas ou riscos financeiros.<\/p><ul class=\"rs-features-list\"><li><i class=\"ri-check-double-line\"><\/i>Sua empresa merece o melhor software<\/li><li><i class=\"ri-check-double-line\"><\/i>Oferecemos servi\u00e7os incr\u00edveis<\/li><li><i class=\"ri-check-double-line\"><\/i>Resolva seu problema conosco<\/li><li><i class=\"ri-check-double-line\"><\/i>Suporte vital\u00edcio<\/li><\/ul>                                                                                <div class=\"button-handle\">\n                                                                                            <div class=\"rs-btn first-one\">\n                                                    <a href=\"https:\/\/demo.rstheme.com\/wordpress\/insurigo\/about\/\" class=\"rs_button\">\n                                                        Leia mais                                                                                                            <\/a>\n                                                <\/div>\n                                                                                                                                <\/div>\n                                    <\/div>\n                                <\/div>\n                            <\/div>\n                                            <\/div>\n\n                            <\/div>\n        <\/div>\n\n        <div class=\"accordion tab-menu-wrapper accordion-menu-wrapper rs_horizontal\" id=\"accordionExample-d7f3464\">\n\n                            <div class=\"accordion-item nav-tabs\">\n                    <h2 class=\"accordion-headerd\" id=\"heading_1-1295137\">\n                        <button class=\"nav-link accordion-button collapsed\" type=\"button\" data-bs-toggle=\"collapse\" data-bs-target=\"#collapse_1-1295137\" aria-expanded=\"true\" aria-controls=\"collapse_1-1295137\">\n                            <i class=\"ri-linkedin-fill\"><\/i>                            Nossa miss\u00e3o                        <\/button>\n                    <\/h2>\n                    <div id=\"collapse_1-1295137\" class=\"accordion-collapse collapse show\" aria-labelledby=\"heading_1-1295137\" data-bs-parent=\"#accordionExample-d7f3464\">\n                        <div class=\"tab-pane\">\n\n\n                                                                                    <div class=\"content--teb-area half-sec\">\n                                <div class=\"image--right-area\"><img decoding=\"async\" class=\"nor_imgs\" src=\"https:\/\/demo.rstheme.com\/wordpress\/insurigo\/wp-content\/uploads\/2023\/10\/service_img_h_1_5.jpg\" alt=\"Imagem de \u00edcone\" \/><\/div>\n                                <div class=\"content--left-area\">\n\n                                                                            <div class=\"content_part_image\">\n                                                                                    <\/div>\n                                    \n                                                                            <div class=\"title\">Temos uma grande miss\u00e3o<\/div>\n                                                                        <div class=\"desc_btn_wrapper\">\n                                                                                    O documento ou a apresenta\u00e7\u00e3o de servi\u00e7os de seguros pode variar de acordo com o conte\u00fado e o contexto espec\u00edficos. Aqui est\u00e3o alguns t\u00edtulos em potencial que voc\u00ea pode considerar para seus servi\u00e7os de seguro de forma eficaz contra poss\u00edveis perdas ou riscos financeiros.\n<ul class=\"rs-features-list\">\n<li><i class=\"ri-check-double-line\"><\/i>Sua empresa merece o melhor software<\/li>\n<li><i class=\"ri-check-double-line\"><\/i>Oferecemos servi\u00e7os incr\u00edveis<\/li>\n<li><i class=\"ri-check-double-line\"><\/i>Resolva seu problema conosco<\/li>\n<li><i class=\"ri-check-double-line\"><\/i>Suporte vital\u00edcio<\/li>\n<\/ul>                                                                                <div class=\"button-handle\">\n                                                                                            <div class=\"rs-btn first-one\">\n                                                    <a href=\"https:\/\/demo.rstheme.com\/wordpress\/insurigo\/about\/\" class=\"rs_button\">\n                                                        Leia mais                                                                                                            <\/a>\n                                                <\/div>\n                                                                                                                                <\/div>\n                                    <\/div>\n                                <\/div>\n                            <\/div>\n                                                    <\/div>\n                    <\/div>\n                <\/div>\n                            <div class=\"accordion-item nav-tabs\">\n                    <h2 class=\"accordion-headerd\" id=\"heading_2-1295137\">\n                        <button class=\"nav-link accordion-button collapsed\" type=\"button\" data-bs-toggle=\"collapse\" data-bs-target=\"#collapse_2-1295137\" aria-expanded=\"true\" aria-controls=\"collapse_2-1295137\">\n                            <i class=\"ri-linkedin-fill\"><\/i>                            Nossa vis\u00e3o                        <\/button>\n                    <\/h2>\n                    <div id=\"collapse_2-1295137\" class=\"accordion-collapse collapse\" aria-labelledby=\"heading_2-1295137\" data-bs-parent=\"#accordionExample-d7f3464\">\n                        <div class=\"tab-pane\">\n\n\n                                                                                    <div class=\"content--teb-area half-sec\">\n                                <div class=\"image--right-area\"><img decoding=\"async\" class=\"nor_imgs\" src=\"https:\/\/demo.rstheme.com\/wordpress\/insurigo\/wp-content\/uploads\/2023\/10\/service_img_h_1_3.jpg\" alt=\"Imagem de \u00edcone\" \/><\/div>\n                                <div class=\"content--left-area\">\n\n                                                                            <div class=\"content_part_image\">\n                                                                                    <\/div>\n                                    \n                                                                            <div class=\"title\">Temos uma grande vis\u00e3o<\/div>\n                                                                        <div class=\"desc_btn_wrapper\">\n                                                                                    O documento ou a apresenta\u00e7\u00e3o de servi\u00e7os de seguros pode variar de acordo com o conte\u00fado e o contexto espec\u00edficos. Aqui est\u00e3o alguns t\u00edtulos em potencial que voc\u00ea pode considerar para seus servi\u00e7os de seguro de forma eficaz contra poss\u00edveis perdas ou riscos financeiros.\n<ul class=\"rs-features-list\">\n<li><i class=\"ri-check-double-line\"><\/i>Sua empresa merece o melhor software<\/li>\n<li><i class=\"ri-check-double-line\"><\/i>Oferecemos servi\u00e7os incr\u00edveis<\/li>\n<li><i class=\"ri-check-double-line\"><\/i>Resolva seu problema conosco<\/li>\n<li><i class=\"ri-check-double-line\"><\/i>Suporte vital\u00edcio<\/li>\n<\/ul>                                                                                <div class=\"button-handle\">\n                                                                                            <div class=\"rs-btn first-one\">\n                                                    <a href=\"https:\/\/demo.rstheme.com\/wordpress\/insurigo\/about\/\" class=\"rs_button\">\n                                                        Leia mais                                                                                                            <\/a>\n                                                <\/div>\n                                                                                                                                <\/div>\n                                    <\/div>\n                                <\/div>\n                            <\/div>\n                                                    <\/div>\n                    <\/div>\n                <\/div>\n                            <div class=\"accordion-item nav-tabs\">\n                    <h2 class=\"accordion-headerd\" id=\"heading_3-1295137\">\n                        <button class=\"nav-link accordion-button collapsed\" type=\"button\" data-bs-toggle=\"collapse\" data-bs-target=\"#collapse_3-1295137\" aria-expanded=\"true\" aria-controls=\"collapse_3-1295137\">\n                            <i class=\"ri-linkedin-fill\"><\/i>                            Nossa abordagem                        <\/button>\n                    <\/h2>\n                    <div id=\"collapse_3-1295137\" class=\"accordion-collapse collapse\" aria-labelledby=\"heading_3-1295137\" data-bs-parent=\"#accordionExample-d7f3464\">\n                        <div class=\"tab-pane\">\n\n\n                                                                                    <div class=\"content--teb-area half-sec\">\n                                <div class=\"image--right-area\"><img decoding=\"async\" class=\"nor_imgs\" src=\"https:\/\/demo.rstheme.com\/wordpress\/insurigo\/wp-content\/uploads\/2023\/10\/service_img_h_1.jpg\" alt=\"Imagem de \u00edcone\" \/><\/div>\n                                <div class=\"content--left-area\">\n\n                                                                            <div class=\"content_part_image\">\n                                                                                    <\/div>\n                                    \n                                                                            <div class=\"title\">Temos uma \u00f3tima abordagem<\/div>\n                                                                        <div class=\"desc_btn_wrapper\">\n                                                                                    <p>O documento ou a apresenta\u00e7\u00e3o de servi\u00e7os de seguros pode variar de acordo com o conte\u00fado e o contexto espec\u00edficos. Aqui est\u00e3o alguns t\u00edtulos em potencial que voc\u00ea pode considerar para seus servi\u00e7os de seguro de forma eficaz contra poss\u00edveis perdas ou riscos financeiros.<\/p><ul class=\"rs-features-list\"><li><i class=\"ri-check-double-line\"><\/i>Sua empresa merece o melhor software<\/li><li><i class=\"ri-check-double-line\"><\/i>Oferecemos servi\u00e7os incr\u00edveis<\/li><li><i class=\"ri-check-double-line\"><\/i>Resolva seu problema conosco<\/li><li><i class=\"ri-check-double-line\"><\/i>Suporte vital\u00edcio<\/li><\/ul>                                                                                <div class=\"button-handle\">\n                                                                                            <div class=\"rs-btn first-one\">\n                                                    <a href=\"https:\/\/demo.rstheme.com\/wordpress\/insurigo\/about\/\" class=\"rs_button\">\n                                                        Leia mais                                                                                                            <\/a>\n                                                <\/div>\n                                                                                                                                <\/div>\n                                    <\/div>\n                                <\/div>\n                            <\/div>\n                                                    <\/div>\n                    <\/div>\n                <\/div>\n                    <\/div>\n\t\t\t\t<\/div>\n\t\t\t\t<\/div>\n\t\t\t\t\t<\/div>\n\t\t<\/div>\n\t\t\t\t\t<\/div>\n\t\t<\/section>\n\t\t\t\t<\/div>","protected":false},"excerpt":{"rendered":"<p>Home &gt; Blog Tab Style Three Se precisar de qualquer tipo de ap\u00f3lice de seguro em todo o mundo, entre em contato conosco sem hesita\u00e7\u00e3o. Nossa equipe de suporte especializada o ajudar\u00e1. Nossa miss\u00e3o Nossa vis\u00e3o Nossa abordagem Temos uma grande miss\u00e3o O documento ou a apresenta\u00e7\u00e3o de servi\u00e7os de seguros pode variar de acordo com o conte\u00fado e o contexto espec\u00edficos. Aqui...<\/p>","protected":false},"author":1,"featured_media":0,"parent":0,"menu_order":0,"comment_status":"closed","ping_status":"closed","template":"elementor_header_footer","meta":{"_monsterinsights_skip_tracking":false,"_monsterinsights_sitenote_active":false,"_monsterinsights_sitenote_note":"","_monsterinsights_sitenote_category":0,"footnotes":""},"class_list":["post-98838","page","type-page","status-publish","hentry"],"aioseo_notices":[],"_links":{"self":[{"href":"https:\/\/jvrinsurance.com\/pt\/wp-json\/wp\/v2\/pages\/98838","targetHints":{"allow":["GET"]}}],"collection":[{"href":"https:\/\/jvrinsurance.com\/pt\/wp-json\/wp\/v2\/pages"}],"about":[{"href":"https:\/\/jvrinsurance.com\/pt\/wp-json\/wp\/v2\/types\/page"}],"author":[{"embeddable":true,"href":"https:\/\/jvrinsurance.com\/pt\/wp-json\/wp\/v2\/users\/1"}],"replies":[{"embeddable":true,"href":"https:\/\/jvrinsurance.com\/pt\/wp-json\/wp\/v2\/comments?post=98838"}],"version-history":[{"count":0,"href":"https:\/\/jvrinsurance.com\/pt\/wp-json\/wp\/v2\/pages\/98838\/revisions"}],"wp:attachment":[{"href":"https:\/\/jvrinsurance.com\/pt\/wp-json\/wp\/v2\/media?parent=98838"}],"curies":[{"name":"wp","href":"https:\/\/api.w.org\/{rel}","templated":true}]}}